{"id":226,"date":"2025-01-03T14:47:23","date_gmt":"2025-01-03T14:47:23","guid":{"rendered":"https:\/\/spinbet.tips\/tr\/?page_id=226"},"modified":"2025-01-16T14:48:02","modified_gmt":"2025-01-16T14:48:02","slug":"recommendations","status":"publish","type":"page","link":"https:\/\/spinbet.tips\/tr\/recommendations\/","title":{"rendered":"\u0130pu\u00e7lar\u0131"},"content":{"rendered":"","protected":false},"excerpt":{"rendered":"","protected":false},"author":1,"featured_media":0,"parent":0,"menu_order":7,"comment_status":"closed","ping_status":"closed","template":"","meta":{"footnotes":""},"class_list":["post-226","page","type-page","status-publish","hentry"],"yoast_head":"<!-- This site is optimized with the Yoast SEO plugin v24.1 - https:\/\/yoast.com\/wordpress\/plugins\/seo\/ -->\n<title>SpinBet&#039;te kazan\u0131n \u2192 daha y\u00fcksek \u015fanslar i\u00e7in y\u00f6nergeler!<\/title>\n<meta name=\"description\" content=\"SpinBet slotlar\u0131n\u0131n RTP&#039;si, Volatilitesi hakk\u0131nda bilgi edinin \u2192 slotlarda ve spor bahislerinde nas\u0131l para kazan\u0131laca\u011f\u0131na dair ayr\u0131nt\u0131l\u0131 tavsiyeler!\" \/>\n<meta name=\"robots\" content=\"index, follow, max-snippet:-1, max-image-preview:large, max-video-preview:-1\" \/>\n<meta property=\"og:locale\" content=\"tr_TR\" \/>\n<meta property=\"og:type\" content=\"article\" \/>\n<meta property=\"og:title\" content=\"SpinBet&#039;te kazan\u0131n \u2192 daha y\u00fcksek \u015fanslar i\u00e7in y\u00f6nergeler!\" \/>\n<meta property=\"og:description\" content=\"SpinBet slotlar\u0131n\u0131n RTP&#039;si, Volatilitesi hakk\u0131nda bilgi edinin \u2192 slotlarda ve spor bahislerinde nas\u0131l para kazan\u0131laca\u011f\u0131na dair ayr\u0131nt\u0131l\u0131 tavsiyeler!\" \/>\n<meta property=\"og:url\" content=\"https:\/\/spinbet.tips\/tr\/recommendations\/\" \/>\n<meta property=\"og:site_name\" content=\"SpinBet tr\" \/>\n<meta property=\"article:modified_time\" content=\"2025-01-16T14:48:02+00:00\" \/>\n<meta name=\"twitter:card\" content=\"summary_large_image\" \/>\n<script type=\"application\/ld+json\" class=\"yoast-schema-graph\">{\"@context\":\"https:\/\/schema.org\",\"@graph\":[{\"@type\":\"WebPage\",\"@id\":\"https:\/\/spinbet.tips\/tr\/recommendations\/\",\"url\":\"https:\/\/spinbet.tips\/tr\/recommendations\/\",\"name\":\"SpinBet'te kazan\u0131n \u2192 daha y\u00fcksek \u015fanslar i\u00e7in y\u00f6nergeler!\",\"isPartOf\":{\"@id\":\"https:\/\/spinbet.tips\/tr\/#website\"},\"datePublished\":\"2025-01-03T14:47:23+00:00\",\"dateModified\":\"2025-01-16T14:48:02+00:00\",\"description\":\"SpinBet slotlar\u0131n\u0131n RTP'si, Volatilitesi hakk\u0131nda bilgi edinin \u2192 slotlarda ve spor bahislerinde nas\u0131l para kazan\u0131laca\u011f\u0131na dair ayr\u0131nt\u0131l\u0131 tavsiyeler!\",\"breadcrumb\":{\"@id\":\"https:\/\/spinbet.tips\/tr\/recommendations\/#breadcrumb\"},\"inLanguage\":\"tr\",\"potentialAction\":[{\"@type\":\"ReadAction\",\"target\":[\"https:\/\/spinbet.tips\/tr\/recommendations\/\"]}]},{\"@type\":\"BreadcrumbList\",\"@id\":\"https:\/\/spinbet.tips\/tr\/recommendations\/#breadcrumb\",\"itemListElement\":[{\"@type\":\"ListItem\",\"position\":1,\"name\":\"\u0413\u043b\u0430\u0432\u043d\u0430\u044f \u0441\u0442\u0440\u0430\u043d\u0438\u0446\u0430\",\"item\":\"https:\/\/spinbet.tips\/tr\/\"},{\"@type\":\"ListItem\",\"position\":2,\"name\":\"\u0130pu\u00e7lar\u0131\"}]},{\"@type\":\"WebSite\",\"@id\":\"https:\/\/spinbet.tips\/tr\/#website\",\"url\":\"https:\/\/spinbet.tips\/tr\/\",\"name\":\"SpinBet tr\",\"description\":\"\",\"potentialAction\":[{\"@type\":\"SearchAction\",\"target\":{\"@type\":\"EntryPoint\",\"urlTemplate\":\"https:\/\/spinbet.tips\/tr\/?s={search_term_string}\"},\"query-input\":{\"@type\":\"PropertyValueSpecification\",\"valueRequired\":true,\"valueName\":\"search_term_string\"}}],\"inLanguage\":\"tr\"}]}<\/script>\n<!-- \/ Yoast SEO plugin. -->","yoast_head_json":{"title":"SpinBet'te kazan\u0131n \u2192 daha y\u00fcksek \u015fanslar i\u00e7in y\u00f6nergeler!","description":"SpinBet slotlar\u0131n\u0131n RTP'si, Volatilitesi hakk\u0131nda bilgi edinin \u2192 slotlarda ve spor bahislerinde nas\u0131l para kazan\u0131laca\u011f\u0131na dair ayr\u0131nt\u0131l\u0131 tavsiyeler!","robots":{"index":"index","follow":"follow","max-snippet":"max-snippet:-1","max-image-preview":"max-image-preview:large","max-video-preview":"max-video-preview:-1"},"og_locale":"tr_TR","og_type":"article","og_title":"SpinBet'te kazan\u0131n \u2192 daha y\u00fcksek \u015fanslar i\u00e7in y\u00f6nergeler!","og_description":"SpinBet slotlar\u0131n\u0131n RTP'si, Volatilitesi hakk\u0131nda bilgi edinin \u2192 slotlarda ve spor bahislerinde nas\u0131l para kazan\u0131laca\u011f\u0131na dair ayr\u0131nt\u0131l\u0131 tavsiyeler!","og_url":"https:\/\/spinbet.tips\/tr\/recommendations\/","og_site_name":"SpinBet tr","article_modified_time":"2025-01-16T14:48:02+00:00","twitter_card":"summary_large_image","schema":{"@context":"https:\/\/schema.org","@graph":[{"@type":"WebPage","@id":"https:\/\/spinbet.tips\/tr\/recommendations\/","url":"https:\/\/spinbet.tips\/tr\/recommendations\/","name":"SpinBet'te kazan\u0131n \u2192 daha y\u00fcksek \u015fanslar i\u00e7in y\u00f6nergeler!","isPartOf":{"@id":"https:\/\/spinbet.tips\/tr\/#website"},"datePublished":"2025-01-03T14:47:23+00:00","dateModified":"2025-01-16T14:48:02+00:00","description":"SpinBet slotlar\u0131n\u0131n RTP'si, Volatilitesi hakk\u0131nda bilgi edinin \u2192 slotlarda ve spor bahislerinde nas\u0131l para kazan\u0131laca\u011f\u0131na dair ayr\u0131nt\u0131l\u0131 tavsiyeler!","breadcrumb":{"@id":"https:\/\/spinbet.tips\/tr\/recommendations\/#breadcrumb"},"inLanguage":"tr","potentialAction":[{"@type":"ReadAction","target":["https:\/\/spinbet.tips\/tr\/recommendations\/"]}]},{"@type":"BreadcrumbList","@id":"https:\/\/spinbet.tips\/tr\/recommendations\/#breadcrumb","itemListElement":[{"@type":"ListItem","position":1,"name":"\u0413\u043b\u0430\u0432\u043d\u0430\u044f \u0441\u0442\u0440\u0430\u043d\u0438\u0446\u0430","item":"https:\/\/spinbet.tips\/tr\/"},{"@type":"ListItem","position":2,"name":"\u0130pu\u00e7lar\u0131"}]},{"@type":"WebSite","@id":"https:\/\/spinbet.tips\/tr\/#website","url":"https:\/\/spinbet.tips\/tr\/","name":"SpinBet tr","description":"","potentialAction":[{"@type":"SearchAction","target":{"@type":"EntryPoint","urlTemplate":"https:\/\/spinbet.tips\/tr\/?s={search_term_string}"},"query-input":{"@type":"PropertyValueSpecification","valueRequired":true,"valueName":"search_term_string"}}],"inLanguage":"tr"}]}},"_links":{"self":[{"href":"https:\/\/spinbet.tips\/tr\/wp-json\/wp\/v2\/pages\/226","targetHints":{"allow":["GET"]}}],"collection":[{"href":"https:\/\/spinbet.tips\/tr\/wp-json\/wp\/v2\/pages"}],"about":[{"href":"https:\/\/spinbet.tips\/tr\/wp-json\/wp\/v2\/types\/page"}],"author":[{"embeddable":true,"href":"https:\/\/spinbet.tips\/tr\/wp-json\/wp\/v2\/users\/1"}],"replies":[{"embeddable":true,"href":"https:\/\/spinbet.tips\/tr\/wp-json\/wp\/v2\/comments?post=226"}],"version-history":[{"count":12,"href":"https:\/\/spinbet.tips\/tr\/wp-json\/wp\/v2\/pages\/226\/revisions"}],"predecessor-version":[{"id":289,"href":"https:\/\/spinbet.tips\/tr\/wp-json\/wp\/v2\/pages\/226\/revisions\/289"}],"wp:attachment":[{"href":"https:\/\/spinbet.tips\/tr\/wp-json\/wp\/v2\/media?parent=226"}],"curies":[{"name":"wp","href":"https:\/\/api.w.org\/{rel}","templated":true}]}}