{"id":209,"date":"2025-01-03T12:00:45","date_gmt":"2025-01-03T12:00:45","guid":{"rendered":"https:\/\/spinbet.tips\/tr\/?page_id=209"},"modified":"2025-01-16T14:06:18","modified_gmt":"2025-01-16T14:06:18","slug":"registration","status":"publish","type":"page","link":"https:\/\/spinbet.tips\/tr\/registration\/","title":{"rendered":"Kay\u0131t"},"content":{"rendered":"","protected":false},"excerpt":{"rendered":"","protected":false},"author":1,"featured_media":0,"parent":0,"menu_order":5,"comment_status":"closed","ping_status":"closed","template":"","meta":{"footnotes":""},"class_list":["post-209","page","type-page","status-publish","hentry"],"yoast_head":"<!-- This site is optimized with the Yoast SEO plugin v24.1 - https:\/\/yoast.com\/wordpress\/plugins\/seo\/ -->\n<title>SpinBet Giri\u015f \u2972 b\u00fcy\u00fck kazan\u00e7lara giden yol<\/title>\n<meta name=\"description\" content=\"Online casinolar\u0131 denemek ister misiniz? SpinBet Casino&#039;da kay\u0131t ve yetkilendirme sadece birka\u00e7 dakikan\u0131z\u0131 alacak ve bug\u00fcn kazanmaya ba\u015flayabilirsiniz!\" \/>\n<meta name=\"robots\" content=\"index, follow, max-snippet:-1, max-image-preview:large, max-video-preview:-1\" \/>\n<meta property=\"og:locale\" content=\"tr_TR\" \/>\n<meta property=\"og:type\" content=\"article\" \/>\n<meta property=\"og:title\" content=\"SpinBet Giri\u015f \u2972 b\u00fcy\u00fck kazan\u00e7lara giden yol\" \/>\n<meta property=\"og:description\" content=\"Online casinolar\u0131 denemek ister misiniz? SpinBet Casino&#039;da kay\u0131t ve yetkilendirme sadece birka\u00e7 dakikan\u0131z\u0131 alacak ve bug\u00fcn kazanmaya ba\u015flayabilirsiniz!\" \/>\n<meta property=\"og:url\" content=\"https:\/\/spinbet.tips\/tr\/registration\/\" \/>\n<meta property=\"og:site_name\" content=\"SpinBet tr\" \/>\n<meta property=\"article:modified_time\" content=\"2025-01-16T14:06:18+00:00\" \/>\n<meta name=\"twitter:card\" content=\"summary_large_image\" \/>\n<script type=\"application\/ld+json\" class=\"yoast-schema-graph\">{\"@context\":\"https:\/\/schema.org\",\"@graph\":[{\"@type\":\"WebPage\",\"@id\":\"https:\/\/spinbet.tips\/tr\/registration\/\",\"url\":\"https:\/\/spinbet.tips\/tr\/registration\/\",\"name\":\"SpinBet Giri\u015f \u2972 b\u00fcy\u00fck kazan\u00e7lara giden yol\",\"isPartOf\":{\"@id\":\"https:\/\/spinbet.tips\/tr\/#website\"},\"datePublished\":\"2025-01-03T12:00:45+00:00\",\"dateModified\":\"2025-01-16T14:06:18+00:00\",\"description\":\"Online casinolar\u0131 denemek ister misiniz? SpinBet Casino'da kay\u0131t ve yetkilendirme sadece birka\u00e7 dakikan\u0131z\u0131 alacak ve bug\u00fcn kazanmaya ba\u015flayabilirsiniz!\",\"breadcrumb\":{\"@id\":\"https:\/\/spinbet.tips\/tr\/registration\/#breadcrumb\"},\"inLanguage\":\"tr\",\"potentialAction\":[{\"@type\":\"ReadAction\",\"target\":[\"https:\/\/spinbet.tips\/tr\/registration\/\"]}]},{\"@type\":\"BreadcrumbList\",\"@id\":\"https:\/\/spinbet.tips\/tr\/registration\/#breadcrumb\",\"itemListElement\":[{\"@type\":\"ListItem\",\"position\":1,\"name\":\"\u0413\u043b\u0430\u0432\u043d\u0430\u044f \u0441\u0442\u0440\u0430\u043d\u0438\u0446\u0430\",\"item\":\"https:\/\/spinbet.tips\/tr\/\"},{\"@type\":\"ListItem\",\"position\":2,\"name\":\"Kay\u0131t\"}]},{\"@type\":\"WebSite\",\"@id\":\"https:\/\/spinbet.tips\/tr\/#website\",\"url\":\"https:\/\/spinbet.tips\/tr\/\",\"name\":\"SpinBet tr\",\"description\":\"\",\"potentialAction\":[{\"@type\":\"SearchAction\",\"target\":{\"@type\":\"EntryPoint\",\"urlTemplate\":\"https:\/\/spinbet.tips\/tr\/?s={search_term_string}\"},\"query-input\":{\"@type\":\"PropertyValueSpecification\",\"valueRequired\":true,\"valueName\":\"search_term_string\"}}],\"inLanguage\":\"tr\"}]}<\/script>\n<!-- \/ Yoast SEO plugin. -->","yoast_head_json":{"title":"SpinBet Giri\u015f \u2972 b\u00fcy\u00fck kazan\u00e7lara giden yol","description":"Online casinolar\u0131 denemek ister misiniz? SpinBet Casino'da kay\u0131t ve yetkilendirme sadece birka\u00e7 dakikan\u0131z\u0131 alacak ve bug\u00fcn kazanmaya ba\u015flayabilirsiniz!","robots":{"index":"index","follow":"follow","max-snippet":"max-snippet:-1","max-image-preview":"max-image-preview:large","max-video-preview":"max-video-preview:-1"},"og_locale":"tr_TR","og_type":"article","og_title":"SpinBet Giri\u015f \u2972 b\u00fcy\u00fck kazan\u00e7lara giden yol","og_description":"Online casinolar\u0131 denemek ister misiniz? SpinBet Casino'da kay\u0131t ve yetkilendirme sadece birka\u00e7 dakikan\u0131z\u0131 alacak ve bug\u00fcn kazanmaya ba\u015flayabilirsiniz!","og_url":"https:\/\/spinbet.tips\/tr\/registration\/","og_site_name":"SpinBet tr","article_modified_time":"2025-01-16T14:06:18+00:00","twitter_card":"summary_large_image","schema":{"@context":"https:\/\/schema.org","@graph":[{"@type":"WebPage","@id":"https:\/\/spinbet.tips\/tr\/registration\/","url":"https:\/\/spinbet.tips\/tr\/registration\/","name":"SpinBet Giri\u015f \u2972 b\u00fcy\u00fck kazan\u00e7lara giden yol","isPartOf":{"@id":"https:\/\/spinbet.tips\/tr\/#website"},"datePublished":"2025-01-03T12:00:45+00:00","dateModified":"2025-01-16T14:06:18+00:00","description":"Online casinolar\u0131 denemek ister misiniz? SpinBet Casino'da kay\u0131t ve yetkilendirme sadece birka\u00e7 dakikan\u0131z\u0131 alacak ve bug\u00fcn kazanmaya ba\u015flayabilirsiniz!","breadcrumb":{"@id":"https:\/\/spinbet.tips\/tr\/registration\/#breadcrumb"},"inLanguage":"tr","potentialAction":[{"@type":"ReadAction","target":["https:\/\/spinbet.tips\/tr\/registration\/"]}]},{"@type":"BreadcrumbList","@id":"https:\/\/spinbet.tips\/tr\/registration\/#breadcrumb","itemListElement":[{"@type":"ListItem","position":1,"name":"\u0413\u043b\u0430\u0432\u043d\u0430\u044f \u0441\u0442\u0440\u0430\u043d\u0438\u0446\u0430","item":"https:\/\/spinbet.tips\/tr\/"},{"@type":"ListItem","position":2,"name":"Kay\u0131t"}]},{"@type":"WebSite","@id":"https:\/\/spinbet.tips\/tr\/#website","url":"https:\/\/spinbet.tips\/tr\/","name":"SpinBet tr","description":"","potentialAction":[{"@type":"SearchAction","target":{"@type":"EntryPoint","urlTemplate":"https:\/\/spinbet.tips\/tr\/?s={search_term_string}"},"query-input":{"@type":"PropertyValueSpecification","valueRequired":true,"valueName":"search_term_string"}}],"inLanguage":"tr"}]}},"_links":{"self":[{"href":"https:\/\/spinbet.tips\/tr\/wp-json\/wp\/v2\/pages\/209","targetHints":{"allow":["GET"]}}],"collection":[{"href":"https:\/\/spinbet.tips\/tr\/wp-json\/wp\/v2\/pages"}],"about":[{"href":"https:\/\/spinbet.tips\/tr\/wp-json\/wp\/v2\/types\/page"}],"author":[{"embeddable":true,"href":"https:\/\/spinbet.tips\/tr\/wp-json\/wp\/v2\/users\/1"}],"replies":[{"embeddable":true,"href":"https:\/\/spinbet.tips\/tr\/wp-json\/wp\/v2\/comments?post=209"}],"version-history":[{"count":8,"href":"https:\/\/spinbet.tips\/tr\/wp-json\/wp\/v2\/pages\/209\/revisions"}],"predecessor-version":[{"id":284,"href":"https:\/\/spinbet.tips\/tr\/wp-json\/wp\/v2\/pages\/209\/revisions\/284"}],"wp:attachment":[{"href":"https:\/\/spinbet.tips\/tr\/wp-json\/wp\/v2\/media?parent=209"}],"curies":[{"name":"wp","href":"https:\/\/api.w.org\/{rel}","templated":true}]}}