{"id":2,"date":"2023-05-18T17:18:34","date_gmt":"2023-05-18T17:18:34","guid":{"rendered":"https:\/\/spinbet.tips\/tr\/?page_id=2"},"modified":"2025-01-16T12:38:42","modified_gmt":"2025-01-16T12:38:42","slug":"sample-page","status":"publish","type":"page","link":"https:\/\/spinbet.tips\/tr\/","title":{"rendered":"Ana Sayfa"},"content":{"rendered":"","protected":false},"excerpt":{"rendered":"","protected":false},"author":1,"featured_media":0,"parent":0,"menu_order":1,"comment_status":"closed","ping_status":"open","template":"","meta":{"footnotes":""},"class_list":["post-2","page","type-page","status-publish","hentry"],"yoast_head":"<!-- This site is optimized with the Yoast SEO plugin v24.1 - https:\/\/yoast.com\/wordpress\/plugins\/seo\/ -->\n<title>SpinBet Casino \u21ac Platformun faydalar\u0131 hakk\u0131nda bilgi edinin<\/title>\n<meta name=\"description\" content=\"Bonus odakl\u0131 SpinBet casinosu, g\u00fcvenlik, h\u0131zl\u0131 \u00f6demeler ve destek hakk\u0131nda derinlemesine inceleme. Casinomuzun neden tercih edilen casino oldu\u011funu \u00f6\u011frenin.\" \/>\n<meta name=\"robots\" content=\"index, follow, max-snippet:-1, max-image-preview:large, max-video-preview:-1\" \/>\n<meta property=\"og:locale\" content=\"tr_TR\" \/>\n<meta property=\"og:type\" content=\"article\" \/>\n<meta property=\"og:title\" content=\"SpinBet Casino \u21ac Platformun faydalar\u0131 hakk\u0131nda bilgi edinin\" \/>\n<meta property=\"og:description\" content=\"Bonus odakl\u0131 SpinBet casinosu, g\u00fcvenlik, h\u0131zl\u0131 \u00f6demeler ve destek hakk\u0131nda derinlemesine inceleme. Casinomuzun neden tercih edilen casino oldu\u011funu \u00f6\u011frenin.\" \/>\n<meta property=\"og:url\" content=\"https:\/\/spinbet.tips\/tr\/\" \/>\n<meta property=\"og:site_name\" content=\"SpinBet tr\" \/>\n<meta property=\"article:modified_time\" content=\"2025-01-16T12:38:42+00:00\" \/>\n<meta name=\"twitter:card\" content=\"summary_large_image\" \/>\n<script type=\"application\/ld+json\" class=\"yoast-schema-graph\">{\"@context\":\"https:\/\/schema.org\",\"@graph\":[{\"@type\":\"WebPage\",\"@id\":\"https:\/\/spinbet.tips\/tr\/\",\"url\":\"https:\/\/spinbet.tips\/tr\/\",\"name\":\"SpinBet Casino \u21ac Platformun faydalar\u0131 hakk\u0131nda bilgi edinin\",\"isPartOf\":{\"@id\":\"https:\/\/spinbet.tips\/tr\/#website\"},\"datePublished\":\"2023-05-18T17:18:34+00:00\",\"dateModified\":\"2025-01-16T12:38:42+00:00\",\"description\":\"Bonus odakl\u0131 SpinBet casinosu, g\u00fcvenlik, h\u0131zl\u0131 \u00f6demeler ve destek hakk\u0131nda derinlemesine inceleme. Casinomuzun neden tercih edilen casino oldu\u011funu \u00f6\u011frenin.\",\"breadcrumb\":{\"@id\":\"https:\/\/spinbet.tips\/tr\/#breadcrumb\"},\"inLanguage\":\"tr\",\"potentialAction\":[{\"@type\":\"ReadAction\",\"target\":[\"https:\/\/spinbet.tips\/tr\/\"]}]},{\"@type\":\"BreadcrumbList\",\"@id\":\"https:\/\/spinbet.tips\/tr\/#breadcrumb\",\"itemListElement\":[{\"@type\":\"ListItem\",\"position\":1,\"name\":\"\u0413\u043b\u0430\u0432\u043d\u0430\u044f \u0441\u0442\u0440\u0430\u043d\u0438\u0446\u0430\",\"item\":\"https:\/\/spinbet.tips\/tr\/\"},{\"@type\":\"ListItem\",\"position\":2,\"name\":\"Ana Sayfa\"}]},{\"@type\":\"WebSite\",\"@id\":\"https:\/\/spinbet.tips\/tr\/#website\",\"url\":\"https:\/\/spinbet.tips\/tr\/\",\"name\":\"SpinBet tr\",\"description\":\"\",\"potentialAction\":[{\"@type\":\"SearchAction\",\"target\":{\"@type\":\"EntryPoint\",\"urlTemplate\":\"https:\/\/spinbet.tips\/tr\/?s={search_term_string}\"},\"query-input\":{\"@type\":\"PropertyValueSpecification\",\"valueRequired\":true,\"valueName\":\"search_term_string\"}}],\"inLanguage\":\"tr\"}]}<\/script>\n<!-- \/ Yoast SEO plugin. -->","yoast_head_json":{"title":"SpinBet Casino \u21ac Platformun faydalar\u0131 hakk\u0131nda bilgi edinin","description":"Bonus odakl\u0131 SpinBet casinosu, g\u00fcvenlik, h\u0131zl\u0131 \u00f6demeler ve destek hakk\u0131nda derinlemesine inceleme. Casinomuzun neden tercih edilen casino oldu\u011funu \u00f6\u011frenin.","robots":{"index":"index","follow":"follow","max-snippet":"max-snippet:-1","max-image-preview":"max-image-preview:large","max-video-preview":"max-video-preview:-1"},"og_locale":"tr_TR","og_type":"article","og_title":"SpinBet Casino \u21ac Platformun faydalar\u0131 hakk\u0131nda bilgi edinin","og_description":"Bonus odakl\u0131 SpinBet casinosu, g\u00fcvenlik, h\u0131zl\u0131 \u00f6demeler ve destek hakk\u0131nda derinlemesine inceleme. Casinomuzun neden tercih edilen casino oldu\u011funu \u00f6\u011frenin.","og_url":"https:\/\/spinbet.tips\/tr\/","og_site_name":"SpinBet tr","article_modified_time":"2025-01-16T12:38:42+00:00","twitter_card":"summary_large_image","schema":{"@context":"https:\/\/schema.org","@graph":[{"@type":"WebPage","@id":"https:\/\/spinbet.tips\/tr\/","url":"https:\/\/spinbet.tips\/tr\/","name":"SpinBet Casino \u21ac Platformun faydalar\u0131 hakk\u0131nda bilgi edinin","isPartOf":{"@id":"https:\/\/spinbet.tips\/tr\/#website"},"datePublished":"2023-05-18T17:18:34+00:00","dateModified":"2025-01-16T12:38:42+00:00","description":"Bonus odakl\u0131 SpinBet casinosu, g\u00fcvenlik, h\u0131zl\u0131 \u00f6demeler ve destek hakk\u0131nda derinlemesine inceleme. Casinomuzun neden tercih edilen casino oldu\u011funu \u00f6\u011frenin.","breadcrumb":{"@id":"https:\/\/spinbet.tips\/tr\/#breadcrumb"},"inLanguage":"tr","potentialAction":[{"@type":"ReadAction","target":["https:\/\/spinbet.tips\/tr\/"]}]},{"@type":"BreadcrumbList","@id":"https:\/\/spinbet.tips\/tr\/#breadcrumb","itemListElement":[{"@type":"ListItem","position":1,"name":"\u0413\u043b\u0430\u0432\u043d\u0430\u044f \u0441\u0442\u0440\u0430\u043d\u0438\u0446\u0430","item":"https:\/\/spinbet.tips\/tr\/"},{"@type":"ListItem","position":2,"name":"Ana Sayfa"}]},{"@type":"WebSite","@id":"https:\/\/spinbet.tips\/tr\/#website","url":"https:\/\/spinbet.tips\/tr\/","name":"SpinBet tr","description":"","potentialAction":[{"@type":"SearchAction","target":{"@type":"EntryPoint","urlTemplate":"https:\/\/spinbet.tips\/tr\/?s={search_term_string}"},"query-input":{"@type":"PropertyValueSpecification","valueRequired":true,"valueName":"search_term_string"}}],"inLanguage":"tr"}]}},"_links":{"self":[{"href":"https:\/\/spinbet.tips\/tr\/wp-json\/wp\/v2\/pages\/2","targetHints":{"allow":["GET"]}}],"collection":[{"href":"https:\/\/spinbet.tips\/tr\/wp-json\/wp\/v2\/pages"}],"about":[{"href":"https:\/\/spinbet.tips\/tr\/wp-json\/wp\/v2\/types\/page"}],"author":[{"embeddable":true,"href":"https:\/\/spinbet.tips\/tr\/wp-json\/wp\/v2\/users\/1"}],"replies":[{"embeddable":true,"href":"https:\/\/spinbet.tips\/tr\/wp-json\/wp\/v2\/comments?post=2"}],"version-history":[{"count":17,"href":"https:\/\/spinbet.tips\/tr\/wp-json\/wp\/v2\/pages\/2\/revisions"}],"predecessor-version":[{"id":278,"href":"https:\/\/spinbet.tips\/tr\/wp-json\/wp\/v2\/pages\/2\/revisions\/278"}],"wp:attachment":[{"href":"https:\/\/spinbet.tips\/tr\/wp-json\/wp\/v2\/media?parent=2"}],"curies":[{"name":"wp","href":"https:\/\/api.w.org\/{rel}","templated":true}]}}