{"id":226,"date":"2025-01-03T14:47:23","date_gmt":"2025-01-03T14:47:23","guid":{"rendered":"https:\/\/spinbet.tips\/pl\/?page_id=226"},"modified":"2025-01-21T15:15:41","modified_gmt":"2025-01-21T15:15:41","slug":"recommendations","status":"publish","type":"page","link":"https:\/\/spinbet.tips\/pl\/recommendations\/","title":{"rendered":"Wskaz\u00f3wki"},"content":{"rendered":"","protected":false},"excerpt":{"rendered":"","protected":false},"author":1,"featured_media":0,"parent":0,"menu_order":7,"comment_status":"closed","ping_status":"closed","template":"","meta":{"footnotes":""},"class_list":["post-226","page","type-page","status-publish","hentry"],"yoast_head":"<!-- This site is optimized with the Yoast SEO plugin v24.1 - https:\/\/yoast.com\/wordpress\/plugins\/seo\/ -->\n<title>Wygrywaj w SpinBet \u2192 wskaz\u00f3wki zwi\u0119kszaj\u0105ce szanse!<\/title>\n<meta name=\"description\" content=\"Dowiedz si\u0119 wi\u0119cej o RTP slot\u00f3w SpinBet, zmienno\u015bci \u2192 szczeg\u00f3\u0142owe porady dotycz\u0105ce gromadzenia pieni\u0119dzy na slotach i zak\u0142adach sportowych!\" \/>\n<meta name=\"robots\" content=\"index, follow, max-snippet:-1, max-image-preview:large, max-video-preview:-1\" \/>\n<meta property=\"og:locale\" content=\"pl_PL\" \/>\n<meta property=\"og:type\" content=\"article\" \/>\n<meta property=\"og:title\" content=\"Wygrywaj w SpinBet \u2192 wskaz\u00f3wki zwi\u0119kszaj\u0105ce szanse!\" \/>\n<meta property=\"og:description\" content=\"Dowiedz si\u0119 wi\u0119cej o RTP slot\u00f3w SpinBet, zmienno\u015bci \u2192 szczeg\u00f3\u0142owe porady dotycz\u0105ce gromadzenia pieni\u0119dzy na slotach i zak\u0142adach sportowych!\" \/>\n<meta property=\"og:url\" content=\"https:\/\/spinbet.tips\/pl\/recommendations\/\" \/>\n<meta property=\"og:site_name\" content=\"SpinBet pl\" \/>\n<meta property=\"article:modified_time\" content=\"2025-01-21T15:15:41+00:00\" \/>\n<meta name=\"twitter:card\" content=\"summary_large_image\" \/>\n<script type=\"application\/ld+json\" class=\"yoast-schema-graph\">{\"@context\":\"https:\/\/schema.org\",\"@graph\":[{\"@type\":\"WebPage\",\"@id\":\"https:\/\/spinbet.tips\/pl\/recommendations\/\",\"url\":\"https:\/\/spinbet.tips\/pl\/recommendations\/\",\"name\":\"Wygrywaj w SpinBet \u2192 wskaz\u00f3wki zwi\u0119kszaj\u0105ce szanse!\",\"isPartOf\":{\"@id\":\"https:\/\/spinbet.tips\/pl\/#website\"},\"datePublished\":\"2025-01-03T14:47:23+00:00\",\"dateModified\":\"2025-01-21T15:15:41+00:00\",\"description\":\"Dowiedz si\u0119 wi\u0119cej o RTP slot\u00f3w SpinBet, zmienno\u015bci \u2192 szczeg\u00f3\u0142owe porady dotycz\u0105ce gromadzenia pieni\u0119dzy na slotach i zak\u0142adach sportowych!\",\"breadcrumb\":{\"@id\":\"https:\/\/spinbet.tips\/pl\/recommendations\/#breadcrumb\"},\"inLanguage\":\"pl-PL\",\"potentialAction\":[{\"@type\":\"ReadAction\",\"target\":[\"https:\/\/spinbet.tips\/pl\/recommendations\/\"]}]},{\"@type\":\"BreadcrumbList\",\"@id\":\"https:\/\/spinbet.tips\/pl\/recommendations\/#breadcrumb\",\"itemListElement\":[{\"@type\":\"ListItem\",\"position\":1,\"name\":\"\u0413\u043b\u0430\u0432\u043d\u0430\u044f \u0441\u0442\u0440\u0430\u043d\u0438\u0446\u0430\",\"item\":\"https:\/\/spinbet.tips\/pl\/\"},{\"@type\":\"ListItem\",\"position\":2,\"name\":\"Wskaz\u00f3wki\"}]},{\"@type\":\"WebSite\",\"@id\":\"https:\/\/spinbet.tips\/pl\/#website\",\"url\":\"https:\/\/spinbet.tips\/pl\/\",\"name\":\"SpinBet pl\",\"description\":\"\",\"potentialAction\":[{\"@type\":\"SearchAction\",\"target\":{\"@type\":\"EntryPoint\",\"urlTemplate\":\"https:\/\/spinbet.tips\/pl\/?s={search_term_string}\"},\"query-input\":{\"@type\":\"PropertyValueSpecification\",\"valueRequired\":true,\"valueName\":\"search_term_string\"}}],\"inLanguage\":\"pl-PL\"}]}<\/script>\n<!-- \/ Yoast SEO plugin. -->","yoast_head_json":{"title":"Wygrywaj w SpinBet \u2192 wskaz\u00f3wki zwi\u0119kszaj\u0105ce szanse!","description":"Dowiedz si\u0119 wi\u0119cej o RTP slot\u00f3w SpinBet, zmienno\u015bci \u2192 szczeg\u00f3\u0142owe porady dotycz\u0105ce gromadzenia pieni\u0119dzy na slotach i zak\u0142adach sportowych!","robots":{"index":"index","follow":"follow","max-snippet":"max-snippet:-1","max-image-preview":"max-image-preview:large","max-video-preview":"max-video-preview:-1"},"og_locale":"pl_PL","og_type":"article","og_title":"Wygrywaj w SpinBet \u2192 wskaz\u00f3wki zwi\u0119kszaj\u0105ce szanse!","og_description":"Dowiedz si\u0119 wi\u0119cej o RTP slot\u00f3w SpinBet, zmienno\u015bci \u2192 szczeg\u00f3\u0142owe porady dotycz\u0105ce gromadzenia pieni\u0119dzy na slotach i zak\u0142adach sportowych!","og_url":"https:\/\/spinbet.tips\/pl\/recommendations\/","og_site_name":"SpinBet pl","article_modified_time":"2025-01-21T15:15:41+00:00","twitter_card":"summary_large_image","schema":{"@context":"https:\/\/schema.org","@graph":[{"@type":"WebPage","@id":"https:\/\/spinbet.tips\/pl\/recommendations\/","url":"https:\/\/spinbet.tips\/pl\/recommendations\/","name":"Wygrywaj w SpinBet \u2192 wskaz\u00f3wki zwi\u0119kszaj\u0105ce szanse!","isPartOf":{"@id":"https:\/\/spinbet.tips\/pl\/#website"},"datePublished":"2025-01-03T14:47:23+00:00","dateModified":"2025-01-21T15:15:41+00:00","description":"Dowiedz si\u0119 wi\u0119cej o RTP slot\u00f3w SpinBet, zmienno\u015bci \u2192 szczeg\u00f3\u0142owe porady dotycz\u0105ce gromadzenia pieni\u0119dzy na slotach i zak\u0142adach sportowych!","breadcrumb":{"@id":"https:\/\/spinbet.tips\/pl\/recommendations\/#breadcrumb"},"inLanguage":"pl-PL","potentialAction":[{"@type":"ReadAction","target":["https:\/\/spinbet.tips\/pl\/recommendations\/"]}]},{"@type":"BreadcrumbList","@id":"https:\/\/spinbet.tips\/pl\/recommendations\/#breadcrumb","itemListElement":[{"@type":"ListItem","position":1,"name":"\u0413\u043b\u0430\u0432\u043d\u0430\u044f \u0441\u0442\u0440\u0430\u043d\u0438\u0446\u0430","item":"https:\/\/spinbet.tips\/pl\/"},{"@type":"ListItem","position":2,"name":"Wskaz\u00f3wki"}]},{"@type":"WebSite","@id":"https:\/\/spinbet.tips\/pl\/#website","url":"https:\/\/spinbet.tips\/pl\/","name":"SpinBet pl","description":"","potentialAction":[{"@type":"SearchAction","target":{"@type":"EntryPoint","urlTemplate":"https:\/\/spinbet.tips\/pl\/?s={search_term_string}"},"query-input":{"@type":"PropertyValueSpecification","valueRequired":true,"valueName":"search_term_string"}}],"inLanguage":"pl-PL"}]}},"_links":{"self":[{"href":"https:\/\/spinbet.tips\/pl\/wp-json\/wp\/v2\/pages\/226","targetHints":{"allow":["GET"]}}],"collection":[{"href":"https:\/\/spinbet.tips\/pl\/wp-json\/wp\/v2\/pages"}],"about":[{"href":"https:\/\/spinbet.tips\/pl\/wp-json\/wp\/v2\/types\/page"}],"author":[{"embeddable":true,"href":"https:\/\/spinbet.tips\/pl\/wp-json\/wp\/v2\/users\/1"}],"replies":[{"embeddable":true,"href":"https:\/\/spinbet.tips\/pl\/wp-json\/wp\/v2\/comments?post=226"}],"version-history":[{"count":11,"href":"https:\/\/spinbet.tips\/pl\/wp-json\/wp\/v2\/pages\/226\/revisions"}],"predecessor-version":[{"id":289,"href":"https:\/\/spinbet.tips\/pl\/wp-json\/wp\/v2\/pages\/226\/revisions\/289"}],"wp:attachment":[{"href":"https:\/\/spinbet.tips\/pl\/wp-json\/wp\/v2\/media?parent=226"}],"curies":[{"name":"wp","href":"https:\/\/api.w.org\/{rel}","templated":true}]}}