{"id":219,"date":"2025-01-03T13:16:38","date_gmt":"2025-01-03T13:16:38","guid":{"rendered":"https:\/\/spinbet.tips\/mx\/?page_id=219"},"modified":"2025-01-06T12:58:23","modified_gmt":"2025-01-06T12:58:23","slug":"payments","status":"publish","type":"page","link":"https:\/\/spinbet.tips\/mx\/payments\/","title":{"rendered":"Pagos"},"content":{"rendered":"","protected":false},"excerpt":{"rendered":"","protected":false},"author":1,"featured_media":0,"parent":0,"menu_order":6,"comment_status":"closed","ping_status":"closed","template":"","meta":{"footnotes":""},"class_list":["post-219","page","type-page","status-publish","hentry"],"yoast_head":"<!-- This site is optimized with the Yoast SEO plugin v24.1 - https:\/\/yoast.com\/wordpress\/plugins\/seo\/ -->\n<title>SpinBet \u2192 Retirada e ingresos<\/title>\n<meta name=\"description\" content=\"C\u00f3mo depositar y retirar ganancias de SpinBet, incluyendo los m\u00e9todos disponibles y los detalles del proceso, se puede encontrar en nuestra gu\u00eda.\" \/>\n<meta name=\"robots\" content=\"index, follow, max-snippet:-1, max-image-preview:large, max-video-preview:-1\" \/>\n<meta property=\"og:locale\" content=\"es_MX\" \/>\n<meta property=\"og:type\" content=\"article\" \/>\n<meta property=\"og:title\" content=\"SpinBet \u2192 Retirada e ingresos\" \/>\n<meta property=\"og:description\" content=\"C\u00f3mo depositar y retirar ganancias de SpinBet, incluyendo los m\u00e9todos disponibles y los detalles del proceso, se puede encontrar en nuestra gu\u00eda.\" \/>\n<meta property=\"og:url\" content=\"https:\/\/spinbet.tips\/mx\/payments\/\" \/>\n<meta property=\"og:site_name\" content=\"SpinBet mx\" \/>\n<meta property=\"article:modified_time\" content=\"2025-01-06T12:58:23+00:00\" \/>\n<meta name=\"twitter:card\" content=\"summary_large_image\" \/>\n<script type=\"application\/ld+json\" class=\"yoast-schema-graph\">{\"@context\":\"https:\/\/schema.org\",\"@graph\":[{\"@type\":\"WebPage\",\"@id\":\"https:\/\/spinbet.tips\/mx\/payments\/\",\"url\":\"https:\/\/spinbet.tips\/mx\/payments\/\",\"name\":\"SpinBet \u2192 Retirada e ingresos\",\"isPartOf\":{\"@id\":\"https:\/\/spinbet.tips\/mx\/#website\"},\"datePublished\":\"2025-01-03T13:16:38+00:00\",\"dateModified\":\"2025-01-06T12:58:23+00:00\",\"description\":\"C\u00f3mo depositar y retirar ganancias de SpinBet, incluyendo los m\u00e9todos disponibles y los detalles del proceso, se puede encontrar en nuestra gu\u00eda.\",\"breadcrumb\":{\"@id\":\"https:\/\/spinbet.tips\/mx\/payments\/#breadcrumb\"},\"inLanguage\":\"es\",\"potentialAction\":[{\"@type\":\"ReadAction\",\"target\":[\"https:\/\/spinbet.tips\/mx\/payments\/\"]}]},{\"@type\":\"BreadcrumbList\",\"@id\":\"https:\/\/spinbet.tips\/mx\/payments\/#breadcrumb\",\"itemListElement\":[{\"@type\":\"ListItem\",\"position\":1,\"name\":\"\u0413\u043b\u0430\u0432\u043d\u0430\u044f \u0441\u0442\u0440\u0430\u043d\u0438\u0446\u0430\",\"item\":\"https:\/\/spinbet.tips\/mx\/\"},{\"@type\":\"ListItem\",\"position\":2,\"name\":\"Pagos\"}]},{\"@type\":\"WebSite\",\"@id\":\"https:\/\/spinbet.tips\/mx\/#website\",\"url\":\"https:\/\/spinbet.tips\/mx\/\",\"name\":\"SpinBet mx\",\"description\":\"\",\"potentialAction\":[{\"@type\":\"SearchAction\",\"target\":{\"@type\":\"EntryPoint\",\"urlTemplate\":\"https:\/\/spinbet.tips\/mx\/?s={search_term_string}\"},\"query-input\":{\"@type\":\"PropertyValueSpecification\",\"valueRequired\":true,\"valueName\":\"search_term_string\"}}],\"inLanguage\":\"es\"}]}<\/script>\n<!-- \/ Yoast SEO plugin. -->","yoast_head_json":{"title":"SpinBet \u2192 Retirada e ingresos","description":"C\u00f3mo depositar y retirar ganancias de SpinBet, incluyendo los m\u00e9todos disponibles y los detalles del proceso, se puede encontrar en nuestra gu\u00eda.","robots":{"index":"index","follow":"follow","max-snippet":"max-snippet:-1","max-image-preview":"max-image-preview:large","max-video-preview":"max-video-preview:-1"},"og_locale":"es_MX","og_type":"article","og_title":"SpinBet \u2192 Retirada e ingresos","og_description":"C\u00f3mo depositar y retirar ganancias de SpinBet, incluyendo los m\u00e9todos disponibles y los detalles del proceso, se puede encontrar en nuestra gu\u00eda.","og_url":"https:\/\/spinbet.tips\/mx\/payments\/","og_site_name":"SpinBet mx","article_modified_time":"2025-01-06T12:58:23+00:00","twitter_card":"summary_large_image","schema":{"@context":"https:\/\/schema.org","@graph":[{"@type":"WebPage","@id":"https:\/\/spinbet.tips\/mx\/payments\/","url":"https:\/\/spinbet.tips\/mx\/payments\/","name":"SpinBet \u2192 Retirada e ingresos","isPartOf":{"@id":"https:\/\/spinbet.tips\/mx\/#website"},"datePublished":"2025-01-03T13:16:38+00:00","dateModified":"2025-01-06T12:58:23+00:00","description":"C\u00f3mo depositar y retirar ganancias de SpinBet, incluyendo los m\u00e9todos disponibles y los detalles del proceso, se puede encontrar en nuestra gu\u00eda.","breadcrumb":{"@id":"https:\/\/spinbet.tips\/mx\/payments\/#breadcrumb"},"inLanguage":"es","potentialAction":[{"@type":"ReadAction","target":["https:\/\/spinbet.tips\/mx\/payments\/"]}]},{"@type":"BreadcrumbList","@id":"https:\/\/spinbet.tips\/mx\/payments\/#breadcrumb","itemListElement":[{"@type":"ListItem","position":1,"name":"\u0413\u043b\u0430\u0432\u043d\u0430\u044f \u0441\u0442\u0440\u0430\u043d\u0438\u0446\u0430","item":"https:\/\/spinbet.tips\/mx\/"},{"@type":"ListItem","position":2,"name":"Pagos"}]},{"@type":"WebSite","@id":"https:\/\/spinbet.tips\/mx\/#website","url":"https:\/\/spinbet.tips\/mx\/","name":"SpinBet mx","description":"","potentialAction":[{"@type":"SearchAction","target":{"@type":"EntryPoint","urlTemplate":"https:\/\/spinbet.tips\/mx\/?s={search_term_string}"},"query-input":{"@type":"PropertyValueSpecification","valueRequired":true,"valueName":"search_term_string"}}],"inLanguage":"es"}]}},"_links":{"self":[{"href":"https:\/\/spinbet.tips\/mx\/wp-json\/wp\/v2\/pages\/219","targetHints":{"allow":["GET"]}}],"collection":[{"href":"https:\/\/spinbet.tips\/mx\/wp-json\/wp\/v2\/pages"}],"about":[{"href":"https:\/\/spinbet.tips\/mx\/wp-json\/wp\/v2\/types\/page"}],"author":[{"embeddable":true,"href":"https:\/\/spinbet.tips\/mx\/wp-json\/wp\/v2\/users\/1"}],"replies":[{"embeddable":true,"href":"https:\/\/spinbet.tips\/mx\/wp-json\/wp\/v2\/comments?post=219"}],"version-history":[{"count":7,"href":"https:\/\/spinbet.tips\/mx\/wp-json\/wp\/v2\/pages\/219\/revisions"}],"predecessor-version":[{"id":270,"href":"https:\/\/spinbet.tips\/mx\/wp-json\/wp\/v2\/pages\/219\/revisions\/270"}],"wp:attachment":[{"href":"https:\/\/spinbet.tips\/mx\/wp-json\/wp\/v2\/media?parent=219"}],"curies":[{"name":"wp","href":"https:\/\/api.w.org\/{rel}","templated":true}]}}