{"id":201,"date":"2025-01-03T11:22:14","date_gmt":"2025-01-03T11:22:14","guid":{"rendered":"https:\/\/spinbet.tips\/mx\/?page_id=201"},"modified":"2025-01-06T12:18:54","modified_gmt":"2025-01-06T12:18:54","slug":"app","status":"publish","type":"page","link":"https:\/\/spinbet.tips\/mx\/app\/","title":{"rendered":"Aplicaci\u00f3n"},"content":{"rendered":"","protected":false},"excerpt":{"rendered":"","protected":false},"author":1,"featured_media":0,"parent":0,"menu_order":4,"comment_status":"closed","ping_status":"closed","template":"","meta":{"footnotes":""},"class_list":["post-201","page","type-page","status-publish","hentry"],"yoast_head":"<!-- This site is optimized with the Yoast SEO plugin v24.1 - https:\/\/yoast.com\/wordpress\/plugins\/seo\/ -->\n<title>SpinBet App \u296c un nuevo nivel de comodidad de juego<\/title>\n<meta name=\"description\" content=\"SpinBet App se puede descargar en el smartphone. El acceso al entretenimiento es ahora a\u00fan m\u00e1s f\u00e1cil y c\u00f3modo. Todas las instrucciones aqu\u00ed \u2965.\" \/>\n<meta name=\"robots\" content=\"index, follow, max-snippet:-1, max-image-preview:large, max-video-preview:-1\" \/>\n<meta property=\"og:locale\" content=\"es_MX\" \/>\n<meta property=\"og:type\" content=\"article\" \/>\n<meta property=\"og:title\" content=\"SpinBet App \u296c un nuevo nivel de comodidad de juego\" \/>\n<meta property=\"og:description\" content=\"SpinBet App se puede descargar en el smartphone. El acceso al entretenimiento es ahora a\u00fan m\u00e1s f\u00e1cil y c\u00f3modo. Todas las instrucciones aqu\u00ed \u2965.\" \/>\n<meta property=\"og:url\" content=\"https:\/\/spinbet.tips\/mx\/app\/\" \/>\n<meta property=\"og:site_name\" content=\"SpinBet mx\" \/>\n<meta property=\"article:modified_time\" content=\"2025-01-06T12:18:54+00:00\" \/>\n<meta name=\"twitter:card\" content=\"summary_large_image\" \/>\n<script type=\"application\/ld+json\" class=\"yoast-schema-graph\">{\"@context\":\"https:\/\/schema.org\",\"@graph\":[{\"@type\":\"WebPage\",\"@id\":\"https:\/\/spinbet.tips\/mx\/app\/\",\"url\":\"https:\/\/spinbet.tips\/mx\/app\/\",\"name\":\"SpinBet App \u296c un nuevo nivel de comodidad de juego\",\"isPartOf\":{\"@id\":\"https:\/\/spinbet.tips\/mx\/#website\"},\"datePublished\":\"2025-01-03T11:22:14+00:00\",\"dateModified\":\"2025-01-06T12:18:54+00:00\",\"description\":\"SpinBet App se puede descargar en el smartphone. El acceso al entretenimiento es ahora a\u00fan m\u00e1s f\u00e1cil y c\u00f3modo. Todas las instrucciones aqu\u00ed \u2965.\",\"breadcrumb\":{\"@id\":\"https:\/\/spinbet.tips\/mx\/app\/#breadcrumb\"},\"inLanguage\":\"es\",\"potentialAction\":[{\"@type\":\"ReadAction\",\"target\":[\"https:\/\/spinbet.tips\/mx\/app\/\"]}]},{\"@type\":\"BreadcrumbList\",\"@id\":\"https:\/\/spinbet.tips\/mx\/app\/#breadcrumb\",\"itemListElement\":[{\"@type\":\"ListItem\",\"position\":1,\"name\":\"\u0413\u043b\u0430\u0432\u043d\u0430\u044f \u0441\u0442\u0440\u0430\u043d\u0438\u0446\u0430\",\"item\":\"https:\/\/spinbet.tips\/mx\/\"},{\"@type\":\"ListItem\",\"position\":2,\"name\":\"Aplicaci\u00f3n\"}]},{\"@type\":\"WebSite\",\"@id\":\"https:\/\/spinbet.tips\/mx\/#website\",\"url\":\"https:\/\/spinbet.tips\/mx\/\",\"name\":\"SpinBet mx\",\"description\":\"\",\"potentialAction\":[{\"@type\":\"SearchAction\",\"target\":{\"@type\":\"EntryPoint\",\"urlTemplate\":\"https:\/\/spinbet.tips\/mx\/?s={search_term_string}\"},\"query-input\":{\"@type\":\"PropertyValueSpecification\",\"valueRequired\":true,\"valueName\":\"search_term_string\"}}],\"inLanguage\":\"es\"}]}<\/script>\n<!-- \/ Yoast SEO plugin. -->","yoast_head_json":{"title":"SpinBet App \u296c un nuevo nivel de comodidad de juego","description":"SpinBet App se puede descargar en el smartphone. El acceso al entretenimiento es ahora a\u00fan m\u00e1s f\u00e1cil y c\u00f3modo. Todas las instrucciones aqu\u00ed \u2965.","robots":{"index":"index","follow":"follow","max-snippet":"max-snippet:-1","max-image-preview":"max-image-preview:large","max-video-preview":"max-video-preview:-1"},"og_locale":"es_MX","og_type":"article","og_title":"SpinBet App \u296c un nuevo nivel de comodidad de juego","og_description":"SpinBet App se puede descargar en el smartphone. El acceso al entretenimiento es ahora a\u00fan m\u00e1s f\u00e1cil y c\u00f3modo. Todas las instrucciones aqu\u00ed \u2965.","og_url":"https:\/\/spinbet.tips\/mx\/app\/","og_site_name":"SpinBet mx","article_modified_time":"2025-01-06T12:18:54+00:00","twitter_card":"summary_large_image","schema":{"@context":"https:\/\/schema.org","@graph":[{"@type":"WebPage","@id":"https:\/\/spinbet.tips\/mx\/app\/","url":"https:\/\/spinbet.tips\/mx\/app\/","name":"SpinBet App \u296c un nuevo nivel de comodidad de juego","isPartOf":{"@id":"https:\/\/spinbet.tips\/mx\/#website"},"datePublished":"2025-01-03T11:22:14+00:00","dateModified":"2025-01-06T12:18:54+00:00","description":"SpinBet App se puede descargar en el smartphone. El acceso al entretenimiento es ahora a\u00fan m\u00e1s f\u00e1cil y c\u00f3modo. Todas las instrucciones aqu\u00ed \u2965.","breadcrumb":{"@id":"https:\/\/spinbet.tips\/mx\/app\/#breadcrumb"},"inLanguage":"es","potentialAction":[{"@type":"ReadAction","target":["https:\/\/spinbet.tips\/mx\/app\/"]}]},{"@type":"BreadcrumbList","@id":"https:\/\/spinbet.tips\/mx\/app\/#breadcrumb","itemListElement":[{"@type":"ListItem","position":1,"name":"\u0413\u043b\u0430\u0432\u043d\u0430\u044f \u0441\u0442\u0440\u0430\u043d\u0438\u0446\u0430","item":"https:\/\/spinbet.tips\/mx\/"},{"@type":"ListItem","position":2,"name":"Aplicaci\u00f3n"}]},{"@type":"WebSite","@id":"https:\/\/spinbet.tips\/mx\/#website","url":"https:\/\/spinbet.tips\/mx\/","name":"SpinBet mx","description":"","potentialAction":[{"@type":"SearchAction","target":{"@type":"EntryPoint","urlTemplate":"https:\/\/spinbet.tips\/mx\/?s={search_term_string}"},"query-input":{"@type":"PropertyValueSpecification","valueRequired":true,"valueName":"search_term_string"}}],"inLanguage":"es"}]}},"_links":{"self":[{"href":"https:\/\/spinbet.tips\/mx\/wp-json\/wp\/v2\/pages\/201","targetHints":{"allow":["GET"]}}],"collection":[{"href":"https:\/\/spinbet.tips\/mx\/wp-json\/wp\/v2\/pages"}],"about":[{"href":"https:\/\/spinbet.tips\/mx\/wp-json\/wp\/v2\/types\/page"}],"author":[{"embeddable":true,"href":"https:\/\/spinbet.tips\/mx\/wp-json\/wp\/v2\/users\/1"}],"replies":[{"embeddable":true,"href":"https:\/\/spinbet.tips\/mx\/wp-json\/wp\/v2\/comments?post=201"}],"version-history":[{"count":9,"href":"https:\/\/spinbet.tips\/mx\/wp-json\/wp\/v2\/pages\/201\/revisions"}],"predecessor-version":[{"id":265,"href":"https:\/\/spinbet.tips\/mx\/wp-json\/wp\/v2\/pages\/201\/revisions\/265"}],"wp:attachment":[{"href":"https:\/\/spinbet.tips\/mx\/wp-json\/wp\/v2\/media?parent=201"}],"curies":[{"name":"wp","href":"https:\/\/api.w.org\/{rel}","templated":true}]}}