{"id":2,"date":"2023-05-18T17:18:34","date_gmt":"2023-05-18T17:18:34","guid":{"rendered":"https:\/\/spinbet.tips\/mx\/?page_id=2"},"modified":"2025-01-06T08:34:48","modified_gmt":"2025-01-06T08:34:48","slug":"sample-page","status":"publish","type":"page","link":"https:\/\/spinbet.tips\/mx\/","title":{"rendered":"Casa"},"content":{"rendered":"","protected":false},"excerpt":{"rendered":"","protected":false},"author":1,"featured_media":0,"parent":0,"menu_order":1,"comment_status":"closed","ping_status":"open","template":"","meta":{"footnotes":""},"class_list":["post-2","page","type-page","status-publish","hentry"],"yoast_head":"<!-- This site is optimized with the Yoast SEO plugin v24.1 - https:\/\/yoast.com\/wordpress\/plugins\/seo\/ -->\n<title>SpinBet Casino \u21ac Conoce las ventajas de la plataforma<\/title>\n<meta name=\"description\" content=\"Revisi\u00f3n en profundidad del casino SpinBet centrado en los bonos, la seguridad, los pagos r\u00e1pidos y el soporte. Descubra por qu\u00e9 nuestro casino es el preferido.\" \/>\n<meta name=\"robots\" content=\"index, follow, max-snippet:-1, max-image-preview:large, max-video-preview:-1\" \/>\n<meta property=\"og:locale\" content=\"es_MX\" \/>\n<meta property=\"og:type\" content=\"article\" \/>\n<meta property=\"og:title\" content=\"SpinBet Casino \u21ac Conoce las ventajas de la plataforma\" \/>\n<meta property=\"og:description\" content=\"Revisi\u00f3n en profundidad del casino SpinBet centrado en los bonos, la seguridad, los pagos r\u00e1pidos y el soporte. Descubra por qu\u00e9 nuestro casino es el preferido.\" \/>\n<meta property=\"og:url\" content=\"https:\/\/spinbet.tips\/mx\/\" \/>\n<meta property=\"og:site_name\" content=\"SpinBet mx\" \/>\n<meta property=\"article:modified_time\" content=\"2025-01-06T08:34:48+00:00\" \/>\n<meta name=\"twitter:card\" content=\"summary_large_image\" \/>\n<script type=\"application\/ld+json\" class=\"yoast-schema-graph\">{\"@context\":\"https:\/\/schema.org\",\"@graph\":[{\"@type\":\"WebPage\",\"@id\":\"https:\/\/spinbet.tips\/mx\/\",\"url\":\"https:\/\/spinbet.tips\/mx\/\",\"name\":\"SpinBet Casino \u21ac Conoce las ventajas de la plataforma\",\"isPartOf\":{\"@id\":\"https:\/\/spinbet.tips\/mx\/#website\"},\"datePublished\":\"2023-05-18T17:18:34+00:00\",\"dateModified\":\"2025-01-06T08:34:48+00:00\",\"description\":\"Revisi\u00f3n en profundidad del casino SpinBet centrado en los bonos, la seguridad, los pagos r\u00e1pidos y el soporte. Descubra por qu\u00e9 nuestro casino es el preferido.\",\"breadcrumb\":{\"@id\":\"https:\/\/spinbet.tips\/mx\/#breadcrumb\"},\"inLanguage\":\"es\",\"potentialAction\":[{\"@type\":\"ReadAction\",\"target\":[\"https:\/\/spinbet.tips\/mx\/\"]}]},{\"@type\":\"BreadcrumbList\",\"@id\":\"https:\/\/spinbet.tips\/mx\/#breadcrumb\",\"itemListElement\":[{\"@type\":\"ListItem\",\"position\":1,\"name\":\"\u0413\u043b\u0430\u0432\u043d\u0430\u044f \u0441\u0442\u0440\u0430\u043d\u0438\u0446\u0430\",\"item\":\"https:\/\/spinbet.tips\/mx\/\"},{\"@type\":\"ListItem\",\"position\":2,\"name\":\"Casa\"}]},{\"@type\":\"WebSite\",\"@id\":\"https:\/\/spinbet.tips\/mx\/#website\",\"url\":\"https:\/\/spinbet.tips\/mx\/\",\"name\":\"SpinBet mx\",\"description\":\"\",\"potentialAction\":[{\"@type\":\"SearchAction\",\"target\":{\"@type\":\"EntryPoint\",\"urlTemplate\":\"https:\/\/spinbet.tips\/mx\/?s={search_term_string}\"},\"query-input\":{\"@type\":\"PropertyValueSpecification\",\"valueRequired\":true,\"valueName\":\"search_term_string\"}}],\"inLanguage\":\"es\"}]}<\/script>\n<!-- \/ Yoast SEO plugin. -->","yoast_head_json":{"title":"SpinBet Casino \u21ac Conoce las ventajas de la plataforma","description":"Revisi\u00f3n en profundidad del casino SpinBet centrado en los bonos, la seguridad, los pagos r\u00e1pidos y el soporte. Descubra por qu\u00e9 nuestro casino es el preferido.","robots":{"index":"index","follow":"follow","max-snippet":"max-snippet:-1","max-image-preview":"max-image-preview:large","max-video-preview":"max-video-preview:-1"},"og_locale":"es_MX","og_type":"article","og_title":"SpinBet Casino \u21ac Conoce las ventajas de la plataforma","og_description":"Revisi\u00f3n en profundidad del casino SpinBet centrado en los bonos, la seguridad, los pagos r\u00e1pidos y el soporte. Descubra por qu\u00e9 nuestro casino es el preferido.","og_url":"https:\/\/spinbet.tips\/mx\/","og_site_name":"SpinBet mx","article_modified_time":"2025-01-06T08:34:48+00:00","twitter_card":"summary_large_image","schema":{"@context":"https:\/\/schema.org","@graph":[{"@type":"WebPage","@id":"https:\/\/spinbet.tips\/mx\/","url":"https:\/\/spinbet.tips\/mx\/","name":"SpinBet Casino \u21ac Conoce las ventajas de la plataforma","isPartOf":{"@id":"https:\/\/spinbet.tips\/mx\/#website"},"datePublished":"2023-05-18T17:18:34+00:00","dateModified":"2025-01-06T08:34:48+00:00","description":"Revisi\u00f3n en profundidad del casino SpinBet centrado en los bonos, la seguridad, los pagos r\u00e1pidos y el soporte. Descubra por qu\u00e9 nuestro casino es el preferido.","breadcrumb":{"@id":"https:\/\/spinbet.tips\/mx\/#breadcrumb"},"inLanguage":"es","potentialAction":[{"@type":"ReadAction","target":["https:\/\/spinbet.tips\/mx\/"]}]},{"@type":"BreadcrumbList","@id":"https:\/\/spinbet.tips\/mx\/#breadcrumb","itemListElement":[{"@type":"ListItem","position":1,"name":"\u0413\u043b\u0430\u0432\u043d\u0430\u044f \u0441\u0442\u0440\u0430\u043d\u0438\u0446\u0430","item":"https:\/\/spinbet.tips\/mx\/"},{"@type":"ListItem","position":2,"name":"Casa"}]},{"@type":"WebSite","@id":"https:\/\/spinbet.tips\/mx\/#website","url":"https:\/\/spinbet.tips\/mx\/","name":"SpinBet mx","description":"","potentialAction":[{"@type":"SearchAction","target":{"@type":"EntryPoint","urlTemplate":"https:\/\/spinbet.tips\/mx\/?s={search_term_string}"},"query-input":{"@type":"PropertyValueSpecification","valueRequired":true,"valueName":"search_term_string"}}],"inLanguage":"es"}]}},"_links":{"self":[{"href":"https:\/\/spinbet.tips\/mx\/wp-json\/wp\/v2\/pages\/2","targetHints":{"allow":["GET"]}}],"collection":[{"href":"https:\/\/spinbet.tips\/mx\/wp-json\/wp\/v2\/pages"}],"about":[{"href":"https:\/\/spinbet.tips\/mx\/wp-json\/wp\/v2\/types\/page"}],"author":[{"embeddable":true,"href":"https:\/\/spinbet.tips\/mx\/wp-json\/wp\/v2\/users\/1"}],"replies":[{"embeddable":true,"href":"https:\/\/spinbet.tips\/mx\/wp-json\/wp\/v2\/comments?post=2"}],"version-history":[{"count":15,"href":"https:\/\/spinbet.tips\/mx\/wp-json\/wp\/v2\/pages\/2\/revisions"}],"predecessor-version":[{"id":253,"href":"https:\/\/spinbet.tips\/mx\/wp-json\/wp\/v2\/pages\/2\/revisions\/253"}],"wp:attachment":[{"href":"https:\/\/spinbet.tips\/mx\/wp-json\/wp\/v2\/media?parent=2"}],"curies":[{"name":"wp","href":"https:\/\/api.w.org\/{rel}","templated":true}]}}