{"id":191,"date":"2025-01-03T10:01:20","date_gmt":"2025-01-03T10:01:20","guid":{"rendered":"https:\/\/spinbet.tips\/br\/?page_id=191"},"modified":"2025-01-09T11:56:16","modified_gmt":"2025-01-09T11:56:16","slug":"games","status":"publish","type":"page","link":"https:\/\/spinbet.tips\/br\/games\/","title":{"rendered":"Jogos"},"content":{"rendered":"","protected":false},"excerpt":{"rendered":"","protected":false},"author":1,"featured_media":0,"parent":0,"menu_order":2,"comment_status":"closed","ping_status":"closed","template":"","meta":{"footnotes":""},"class_list":["post-191","page","type-page","status-publish","hentry"],"yoast_head":"<!-- This site is optimized with the Yoast SEO plugin v24.1 - https:\/\/yoast.com\/wordpress\/plugins\/seo\/ -->\n<title>SpinBet Slots \u27bb os melhores ca\u00e7a-n\u00edqueis, cassino ao vivo e jackpots generosos<\/title>\n<meta name=\"description\" content=\"O SpinBet Casino oferece ca\u00e7a-n\u00edqueis generosos, cassino ao vivo luxuoso, jackpots Drops&amp;Wins e jogos de fornecedores confi\u00e1veis. Entre, registre-se e ganhe!\" \/>\n<meta name=\"robots\" content=\"index, follow, max-snippet:-1, max-image-preview:large, max-video-preview:-1\" \/>\n<meta property=\"og:locale\" content=\"pt_BR\" \/>\n<meta property=\"og:type\" content=\"article\" \/>\n<meta property=\"og:title\" content=\"SpinBet Slots \u27bb os melhores ca\u00e7a-n\u00edqueis, cassino ao vivo e jackpots generosos\" \/>\n<meta property=\"og:description\" content=\"O SpinBet Casino oferece ca\u00e7a-n\u00edqueis generosos, cassino ao vivo luxuoso, jackpots Drops&amp;Wins e jogos de fornecedores confi\u00e1veis. Entre, registre-se e ganhe!\" \/>\n<meta property=\"og:url\" content=\"https:\/\/spinbet.tips\/br\/games\/\" \/>\n<meta property=\"og:site_name\" content=\"SpinBet br\" \/>\n<meta property=\"article:modified_time\" content=\"2025-01-09T11:56:16+00:00\" \/>\n<meta name=\"twitter:card\" content=\"summary_large_image\" \/>\n<script type=\"application\/ld+json\" class=\"yoast-schema-graph\">{\"@context\":\"https:\/\/schema.org\",\"@graph\":[{\"@type\":\"WebPage\",\"@id\":\"https:\/\/spinbet.tips\/br\/games\/\",\"url\":\"https:\/\/spinbet.tips\/br\/games\/\",\"name\":\"SpinBet Slots \u27bb os melhores ca\u00e7a-n\u00edqueis, cassino ao vivo e jackpots generosos\",\"isPartOf\":{\"@id\":\"https:\/\/spinbet.tips\/br\/#website\"},\"datePublished\":\"2025-01-03T10:01:20+00:00\",\"dateModified\":\"2025-01-09T11:56:16+00:00\",\"description\":\"O SpinBet Casino oferece ca\u00e7a-n\u00edqueis generosos, cassino ao vivo luxuoso, jackpots Drops&Wins e jogos de fornecedores confi\u00e1veis. Entre, registre-se e ganhe!\",\"breadcrumb\":{\"@id\":\"https:\/\/spinbet.tips\/br\/games\/#breadcrumb\"},\"inLanguage\":\"pt-BR\",\"potentialAction\":[{\"@type\":\"ReadAction\",\"target\":[\"https:\/\/spinbet.tips\/br\/games\/\"]}]},{\"@type\":\"BreadcrumbList\",\"@id\":\"https:\/\/spinbet.tips\/br\/games\/#breadcrumb\",\"itemListElement\":[{\"@type\":\"ListItem\",\"position\":1,\"name\":\"\u0413\u043b\u0430\u0432\u043d\u0430\u044f \u0441\u0442\u0440\u0430\u043d\u0438\u0446\u0430\",\"item\":\"https:\/\/spinbet.tips\/br\/\"},{\"@type\":\"ListItem\",\"position\":2,\"name\":\"Jogos\"}]},{\"@type\":\"WebSite\",\"@id\":\"https:\/\/spinbet.tips\/br\/#website\",\"url\":\"https:\/\/spinbet.tips\/br\/\",\"name\":\"SpinBet br\",\"description\":\"\",\"potentialAction\":[{\"@type\":\"SearchAction\",\"target\":{\"@type\":\"EntryPoint\",\"urlTemplate\":\"https:\/\/spinbet.tips\/br\/?s={search_term_string}\"},\"query-input\":{\"@type\":\"PropertyValueSpecification\",\"valueRequired\":true,\"valueName\":\"search_term_string\"}}],\"inLanguage\":\"pt-BR\"}]}<\/script>\n<!-- \/ Yoast SEO plugin. -->","yoast_head_json":{"title":"SpinBet Slots \u27bb os melhores ca\u00e7a-n\u00edqueis, cassino ao vivo e jackpots generosos","description":"O SpinBet Casino oferece ca\u00e7a-n\u00edqueis generosos, cassino ao vivo luxuoso, jackpots Drops&Wins e jogos de fornecedores confi\u00e1veis. Entre, registre-se e ganhe!","robots":{"index":"index","follow":"follow","max-snippet":"max-snippet:-1","max-image-preview":"max-image-preview:large","max-video-preview":"max-video-preview:-1"},"og_locale":"pt_BR","og_type":"article","og_title":"SpinBet Slots \u27bb os melhores ca\u00e7a-n\u00edqueis, cassino ao vivo e jackpots generosos","og_description":"O SpinBet Casino oferece ca\u00e7a-n\u00edqueis generosos, cassino ao vivo luxuoso, jackpots Drops&Wins e jogos de fornecedores confi\u00e1veis. Entre, registre-se e ganhe!","og_url":"https:\/\/spinbet.tips\/br\/games\/","og_site_name":"SpinBet br","article_modified_time":"2025-01-09T11:56:16+00:00","twitter_card":"summary_large_image","schema":{"@context":"https:\/\/schema.org","@graph":[{"@type":"WebPage","@id":"https:\/\/spinbet.tips\/br\/games\/","url":"https:\/\/spinbet.tips\/br\/games\/","name":"SpinBet Slots \u27bb os melhores ca\u00e7a-n\u00edqueis, cassino ao vivo e jackpots generosos","isPartOf":{"@id":"https:\/\/spinbet.tips\/br\/#website"},"datePublished":"2025-01-03T10:01:20+00:00","dateModified":"2025-01-09T11:56:16+00:00","description":"O SpinBet Casino oferece ca\u00e7a-n\u00edqueis generosos, cassino ao vivo luxuoso, jackpots Drops&Wins e jogos de fornecedores confi\u00e1veis. Entre, registre-se e ganhe!","breadcrumb":{"@id":"https:\/\/spinbet.tips\/br\/games\/#breadcrumb"},"inLanguage":"pt-BR","potentialAction":[{"@type":"ReadAction","target":["https:\/\/spinbet.tips\/br\/games\/"]}]},{"@type":"BreadcrumbList","@id":"https:\/\/spinbet.tips\/br\/games\/#breadcrumb","itemListElement":[{"@type":"ListItem","position":1,"name":"\u0413\u043b\u0430\u0432\u043d\u0430\u044f \u0441\u0442\u0440\u0430\u043d\u0438\u0446\u0430","item":"https:\/\/spinbet.tips\/br\/"},{"@type":"ListItem","position":2,"name":"Jogos"}]},{"@type":"WebSite","@id":"https:\/\/spinbet.tips\/br\/#website","url":"https:\/\/spinbet.tips\/br\/","name":"SpinBet br","description":"","potentialAction":[{"@type":"SearchAction","target":{"@type":"EntryPoint","urlTemplate":"https:\/\/spinbet.tips\/br\/?s={search_term_string}"},"query-input":{"@type":"PropertyValueSpecification","valueRequired":true,"valueName":"search_term_string"}}],"inLanguage":"pt-BR"}]}},"_links":{"self":[{"href":"https:\/\/spinbet.tips\/br\/wp-json\/wp\/v2\/pages\/191","targetHints":{"allow":["GET"]}}],"collection":[{"href":"https:\/\/spinbet.tips\/br\/wp-json\/wp\/v2\/pages"}],"about":[{"href":"https:\/\/spinbet.tips\/br\/wp-json\/wp\/v2\/types\/page"}],"author":[{"embeddable":true,"href":"https:\/\/spinbet.tips\/br\/wp-json\/wp\/v2\/users\/1"}],"replies":[{"embeddable":true,"href":"https:\/\/spinbet.tips\/br\/wp-json\/wp\/v2\/comments?post=191"}],"version-history":[{"count":9,"href":"https:\/\/spinbet.tips\/br\/wp-json\/wp\/v2\/pages\/191\/revisions"}],"predecessor-version":[{"id":280,"href":"https:\/\/spinbet.tips\/br\/wp-json\/wp\/v2\/pages\/191\/revisions\/280"}],"wp:attachment":[{"href":"https:\/\/spinbet.tips\/br\/wp-json\/wp\/v2\/media?parent=191"}],"curies":[{"name":"wp","href":"https:\/\/api.w.org\/{rel}","templated":true}]}}